{"id":76453,"date":"2023-09-19T13:42:25","date_gmt":"2023-09-19T11:42:25","guid":{"rendered":"https:\/\/meimpresiona.es\/acasa\/empleo\/"},"modified":"2023-09-28T08:52:10","modified_gmt":"2023-09-28T06:52:10","slug":"employment","status":"publish","type":"page","link":"https:\/\/dabrunoacasa.com\/en\/employment\/","title":{"rendered":"Employment"},"content":{"rendered":"\t\t<div data-elementor-type=\"wp-page\" data-elementor-id=\"76453\" class=\"elementor elementor-76453 elementor-75840\">\n\t\t\t\t<div class=\"elementor-element elementor-element-7d3ac4a e-con-full e-flex e-con e-parent\" data-id=\"7d3ac4a\" data-element_type=\"container\" data-settings=\"{&quot;background_background&quot;:&quot;classic&quot;}\">\n\t\t\t\t<div class=\"elementor-element elementor-element-4cbf313 elementor-widget elementor-widget-heading\" data-id=\"4cbf313\" data-element_type=\"widget\" data-widget_type=\"heading.default\">\n\t\t\t\t<div class=\"elementor-widget-container\">\n\t\t\t<h1 class=\"elementor-heading-title elementor-size-default\">EMPLOYMENT<\/h1>\t\t<\/div>\n\t\t\t\t<\/div>\n\t\t\t\t<\/div>\n\t\t\t\t<section class=\"elementor-section elementor-top-section elementor-element elementor-element-cdc17f6 elementor-section-boxed elementor-section-height-default elementor-section-height-default\" data-id=\"cdc17f6\" data-element_type=\"section\" data-settings=\"{&quot;background_background&quot;:&quot;classic&quot;}\">\n\t\t\t\t\t\t\t<div class=\"elementor-background-overlay\"><\/div>\n\t\t\t\t\t\t\t<div class=\"elementor-container elementor-column-gap-default\">\n\t\t\t\t\t<div class=\" elementor-column elementor-col-50 elementor-top-column elementor-element elementor-element-ec49b48 elementor-invisible\" data-fullscreen-column-settings=\"{&quot;fullscreen&quot;:&quot;&quot;}\" data-id=\"ec49b48\" data-element_type=\"column\" data-settings=\"{&quot;animation&quot;:&quot;fadeIn&quot;,&quot;animation_delay&quot;:100}\">\n\t\t\t<div class=\"elementor-widget-wrap elementor-element-populated\">\n\t\t\t\t\t\t<div class=\"elementor-element elementor-element-803100e elementor-widget__width-initial elementor-widget-tablet__width-initial elementor-position-top elementor-widget elementor-widget-image-box\" data-id=\"803100e\" data-element_type=\"widget\" data-widget_type=\"image-box.default\">\n\t\t\t\t<div class=\"elementor-widget-container\">\n\t\t\t<div class=\"elementor-image-box-wrapper\"><figure class=\"elementor-image-box-img\"><img fetchpriority=\"high\" decoding=\"async\" width=\"1200\" height=\"1200\" src=\"https:\/\/dabrunoacasa.com\/wp-content\/uploads\/2023\/09\/alegre-mujer-sonriente.jpg\" class=\"attachment-full size-full wp-image-76346\" alt=\"\" srcset=\"https:\/\/dabrunoacasa.com\/wp-content\/uploads\/2023\/09\/alegre-mujer-sonriente.jpg 1200w, https:\/\/dabrunoacasa.com\/wp-content\/uploads\/2023\/09\/alegre-mujer-sonriente-300x300.jpg 300w, https:\/\/dabrunoacasa.com\/wp-content\/uploads\/2023\/09\/alegre-mujer-sonriente-1024x1024.jpg 1024w, https:\/\/dabrunoacasa.com\/wp-content\/uploads\/2023\/09\/alegre-mujer-sonriente-150x150.jpg 150w, https:\/\/dabrunoacasa.com\/wp-content\/uploads\/2023\/09\/alegre-mujer-sonriente-768x768.jpg 768w, https:\/\/dabrunoacasa.com\/wp-content\/uploads\/2023\/09\/alegre-mujer-sonriente-200x200.jpg 200w\" sizes=\"(max-width: 1200px) 100vw, 1200px\" \/><\/figure><\/div>\t\t<\/div>\n\t\t\t\t<\/div>\n\t\t\t\t\t<\/div>\n\t\t<\/div>\n\t\t\t\t<div class=\" elementor-column elementor-col-50 elementor-top-column elementor-element elementor-element-af8aa5c elementor-invisible\" data-fullscreen-column-settings=\"{&quot;fullscreen&quot;:&quot;&quot;}\" data-id=\"af8aa5c\" data-element_type=\"column\" data-settings=\"{&quot;animation&quot;:&quot;fadeIn&quot;,&quot;animation_delay&quot;:500}\">\n\t\t\t<div class=\"elementor-widget-wrap elementor-element-populated\">\n\t\t\t\t\t\t<div class=\"elementor-element elementor-element-4d4a545 elementor-widget-tablet__width-initial elementor-widget-mobile__width-inherit elementor-widget elementor-widget-litho-heading\" data-id=\"4d4a545\" data-element_type=\"widget\" data-widget_type=\"litho-heading.default\">\n\t\t\t\t<div class=\"elementor-widget-container\">\n\t\t\t<h5 class=\"litho-heading elementor-size-default\"><span class=\"litho-primary-title\">Work with us!<\/span><\/h5>\t\t<\/div>\n\t\t\t\t<\/div>\n\t\t\t\t<div class=\"elementor-element elementor-element-b3a074a elementor-widget__width-initial elementor-widget-tablet__width-initial elementor-widget-mobile__width-initial elementor-widget elementor-widget-text-editor\" data-id=\"b3a074a\" data-element_type=\"widget\" data-widget_type=\"text-editor.default\">\n\t\t\t\t<div class=\"elementor-widget-container\">\n\t\t\t\t\t\t\t<p style=\"text-align: center;\">In Da Bruno, we value creativity, excellence and passion for gastronomy. Our company culture encourages collaboration, professional growth and mutual respect. We believe in the importance of working in an environment that motivates you to give your best every day.<\/p>\t\t\t\t\t\t<\/div>\n\t\t\t\t<\/div>\n\t\t\t\t<div class=\"elementor-element elementor-element-05b3da7 elementor-widget elementor-widget-shortcode\" data-id=\"05b3da7\" data-element_type=\"widget\" data-widget_type=\"shortcode.default\">\n\t\t\t\t<div class=\"elementor-widget-container\">\n\t\t\t\t\t<div class=\"elementor-shortcode\">\n<div class=\"wpcf7 no-js\" id=\"wpcf7-f2265-o1\" lang=\"en-US\" dir=\"ltr\">\n<div class=\"screen-reader-response\"><p role=\"status\" aria-live=\"polite\" aria-atomic=\"true\"><\/p> <ul><\/ul><\/div>\n<form action=\"\/en\/wp-json\/wp\/v2\/pages\/76453#wpcf7-f2265-o1\" method=\"post\" class=\"wpcf7-form init\" aria-label=\"Contact form\" enctype=\"multipart\/form-data\" novalidate=\"novalidate\" data-status=\"init\">\n<div style=\"display: none;\">\n<input type=\"hidden\" name=\"_wpcf7\" value=\"2265\" \/>\n<input type=\"hidden\" name=\"_wpcf7_version\" value=\"5.9.3\" \/>\n<input type=\"hidden\" name=\"_wpcf7_locale\" value=\"en_US\" \/>\n<input type=\"hidden\" name=\"_wpcf7_unit_tag\" value=\"wpcf7-f2265-o1\" \/>\n<input type=\"hidden\" name=\"_wpcf7_container_post\" value=\"0\" \/>\n<input type=\"hidden\" name=\"_wpcf7_posted_data_hash\" value=\"\" \/>\n<input type=\"hidden\" name=\"_wpcf7_recaptcha_response\" value=\"\" \/>\n<\/div>\n<div class=\"\">\n\t<p><span class=\"wpcf7-form-control-wrap\" data-name=\"your-name\"><input size=\"40\" class=\"wpcf7-form-control wpcf7-text wpcf7-validates-as-required\" aria-required=\"true\" aria-invalid=\"false\" placeholder=\"Nombre*\" value=\"\" type=\"text\" name=\"your-name\" \/><\/span><br \/>\n<span class=\"wpcf7-form-control-wrap\" data-name=\"your-email-address\"><input size=\"40\" class=\"wpcf7-form-control wpcf7-email wpcf7-validates-as-required wpcf7-text wpcf7-validates-as-email\" aria-required=\"true\" aria-invalid=\"false\" placeholder=\"Email*\" value=\"\" type=\"email\" name=\"your-email-address\" \/><\/span><br \/>\n<span class=\"wpcf7-form-control-wrap\" data-name=\"your-mobile\"><input size=\"40\" class=\"wpcf7-form-control wpcf7-text\" aria-invalid=\"false\" placeholder=\"Tel\u00e9fono\" value=\"\" type=\"text\" name=\"your-mobile\" \/><\/span><br \/>\n<span class=\"wpcf7-form-control-wrap\" data-name=\"file-298\"><input size=\"40\" class=\"wpcf7-form-control wpcf7-file\" accept=\"audio\/*,video\/*,image\/*\" aria-invalid=\"false\" type=\"file\" name=\"file-298\" \/><\/span><br \/>\n<span class=\"wpcf7-form-control-wrap\" data-name=\"your-message\"><textarea cols=\"40\" rows=\"3\" class=\"wpcf7-form-control wpcf7-textarea\" aria-invalid=\"false\" placeholder=\"Mensaje\" name=\"your-message\"><\/textarea><\/span>\n\t<\/p>\n<\/div>\n<div class=\"litho-button-wrapper contact-modern\">\n\t<p><span class=\"wpcf7-form-control-wrap\" data-name=\"acceptance-202\"><span class=\"wpcf7-form-control wpcf7-acceptance\"><span class=\"wpcf7-list-item\"><input type=\"checkbox\" name=\"acceptance-202\" value=\"1\" aria-invalid=\"false\" \/><\/span><\/span><\/span> He le\u00eddo y acepto el <a href=\"\/aviso-legal\">Aviso Legal<\/a><br \/>\n<input class=\"wpcf7-form-control wpcf7-submit has-spinner elementor-button elementor-size-md\" type=\"submit\" value=\"ENVIAR\" \/>\n\t<\/p>\n<\/div><div class=\"wpcf7-response-output\" aria-hidden=\"true\"><\/div>\n<\/form>\n<\/div>\n<\/div>\n\t\t\t\t<\/div>\n\t\t\t\t<\/div>\n\t\t\t\t\t<\/div>\n\t\t<\/div>\n\t\t\t\t\t<\/div>\n\t\t<\/section>\n\t\t\t\t<\/div>\n\t\t","protected":false},"excerpt":{"rendered":"<p>EMPLOYMENT Work with us! In Da Bruno, we value creativity, excellence and passion for gastronomy. Our company culture encourages collaboration, professional growth and mutual respect. We believe in the importance of working in an environment that motivates you to give your best every day.<\/p>\n","protected":false},"author":1,"featured_media":0,"parent":0,"menu_order":0,"comment_status":"closed","ping_status":"closed","template":"elementor_header_footer","meta":{"footnotes":""},"class_list":["post-76453","page","type-page","status-publish","hentry"],"yoast_head":"<!-- This site is optimized with the Yoast SEO plugin v22.3 - https:\/\/yoast.com\/wordpress\/plugins\/seo\/ -->\n<title>Employment - Da Bruno A Casa<\/title>\n<meta name=\"robots\" content=\"index, follow, max-snippet:-1, max-image-preview:large, max-video-preview:-1\" \/>\n<link rel=\"canonical\" href=\"https:\/\/dabrunoacasa.com\/empleo\/\" \/>\n<meta property=\"og:locale\" content=\"en_US\" \/>\n<meta property=\"og:type\" content=\"article\" \/>\n<meta property=\"og:title\" content=\"Employment - Da Bruno A Casa\" \/>\n<meta property=\"og:description\" content=\"EMPLOYMENT Work with us! In Da Bruno, we value creativity, excellence and passion for gastronomy. Our company culture encourages collaboration, professional growth and mutual respect. We believe in the importance of working in an environment that motivates you to give your best every day.\" \/>\n<meta property=\"og:url\" content=\"https:\/\/dabrunoacasa.com\/empleo\/\" \/>\n<meta property=\"og:site_name\" content=\"Da Bruno A Casa\" \/>\n<meta property=\"article:modified_time\" content=\"2023-09-28T06:52:10+00:00\" \/>\n<meta property=\"og:image\" content=\"https:\/\/dabrunoacasa.com\/wp-content\/uploads\/2023\/09\/alegre-mujer-sonriente.jpg\" \/>\n<meta name=\"twitter:card\" content=\"summary_large_image\" \/>\n<meta name=\"twitter:label1\" content=\"Est. reading time\" \/>\n\t<meta name=\"twitter:data1\" content=\"1 minute\" \/>\n<script type=\"application\/ld+json\" class=\"yoast-schema-graph\">{\"@context\":\"https:\/\/schema.org\",\"@graph\":[{\"@type\":\"WebPage\",\"@id\":\"https:\/\/dabrunoacasa.com\/empleo\/\",\"url\":\"https:\/\/dabrunoacasa.com\/empleo\/\",\"name\":\"Employment - Da Bruno A Casa\",\"isPartOf\":{\"@id\":\"https:\/\/dabrunoacasa.com\/#website\"},\"primaryImageOfPage\":{\"@id\":\"https:\/\/dabrunoacasa.com\/empleo\/#primaryimage\"},\"image\":{\"@id\":\"https:\/\/dabrunoacasa.com\/empleo\/#primaryimage\"},\"thumbnailUrl\":\"https:\/\/dabrunoacasa.com\/wp-content\/uploads\/2023\/09\/alegre-mujer-sonriente.jpg\",\"datePublished\":\"2023-09-19T11:42:25+00:00\",\"dateModified\":\"2023-09-28T06:52:10+00:00\",\"breadcrumb\":{\"@id\":\"https:\/\/dabrunoacasa.com\/empleo\/#breadcrumb\"},\"inLanguage\":\"en-US\",\"potentialAction\":[{\"@type\":\"ReadAction\",\"target\":[\"https:\/\/dabrunoacasa.com\/empleo\/\"]}]},{\"@type\":\"ImageObject\",\"inLanguage\":\"en-US\",\"@id\":\"https:\/\/dabrunoacasa.com\/empleo\/#primaryimage\",\"url\":\"https:\/\/dabrunoacasa.com\/wp-content\/uploads\/2023\/09\/alegre-mujer-sonriente.jpg\",\"contentUrl\":\"https:\/\/dabrunoacasa.com\/wp-content\/uploads\/2023\/09\/alegre-mujer-sonriente.jpg\",\"width\":1200,\"height\":1200,\"caption\":\"alegre-mujer-sonriente\"},{\"@type\":\"BreadcrumbList\",\"@id\":\"https:\/\/dabrunoacasa.com\/empleo\/#breadcrumb\",\"itemListElement\":[{\"@type\":\"ListItem\",\"position\":1,\"name\":\"Portada\",\"item\":\"https:\/\/dabrunoacasa.com\/\"},{\"@type\":\"ListItem\",\"position\":2,\"name\":\"Employment\"}]},{\"@type\":\"WebSite\",\"@id\":\"https:\/\/dabrunoacasa.com\/#website\",\"url\":\"https:\/\/dabrunoacasa.com\/\",\"name\":\"Da Bruno A Casa\",\"description\":\"El amor por las cosas bien hechas, la pasi\u00f3n y dedicaci\u00f3n en la elaboraci\u00f3n de los platos en un entorno distinguido con \u00e9xito desde hace 50 a\u00f1os\",\"publisher\":{\"@id\":\"https:\/\/dabrunoacasa.com\/#organization\"},\"alternateName\":\"Da Bruno A Casa\",\"potentialAction\":[{\"@type\":\"SearchAction\",\"target\":{\"@type\":\"EntryPoint\",\"urlTemplate\":\"https:\/\/dabrunoacasa.com\/?s={search_term_string}\"},\"query-input\":\"required name=search_term_string\"}],\"inLanguage\":\"en-US\"},{\"@type\":\"Organization\",\"@id\":\"https:\/\/dabrunoacasa.com\/#organization\",\"name\":\"Da Bruno A Casa\",\"url\":\"https:\/\/dabrunoacasa.com\/\",\"logo\":{\"@type\":\"ImageObject\",\"inLanguage\":\"en-US\",\"@id\":\"https:\/\/dabrunoacasa.com\/#\/schema\/logo\/image\/\",\"url\":\"https:\/\/dabrunoacasa.com\/wp-content\/uploads\/2023\/09\/LOGO-DA-BRUNO-A-CASA-LOGO-NEGATIVO-FONDO-TRANSPARENTE.png\",\"contentUrl\":\"https:\/\/dabrunoacasa.com\/wp-content\/uploads\/2023\/09\/LOGO-DA-BRUNO-A-CASA-LOGO-NEGATIVO-FONDO-TRANSPARENTE.png\",\"width\":740,\"height\":203,\"caption\":\"Da Bruno A Casa\"},\"image\":{\"@id\":\"https:\/\/dabrunoacasa.com\/#\/schema\/logo\/image\/\"}}]}<\/script>\n<!-- \/ Yoast SEO plugin. -->","yoast_head_json":{"title":"Employment - Da Bruno A Casa","robots":{"index":"index","follow":"follow","max-snippet":"max-snippet:-1","max-image-preview":"max-image-preview:large","max-video-preview":"max-video-preview:-1"},"canonical":"https:\/\/dabrunoacasa.com\/empleo\/","og_locale":"en_US","og_type":"article","og_title":"Employment - Da Bruno A Casa","og_description":"EMPLOYMENT Work with us! In Da Bruno, we value creativity, excellence and passion for gastronomy. Our company culture encourages collaboration, professional growth and mutual respect. We believe in the importance of working in an environment that motivates you to give your best every day.","og_url":"https:\/\/dabrunoacasa.com\/empleo\/","og_site_name":"Da Bruno A Casa","article_modified_time":"2023-09-28T06:52:10+00:00","og_image":[{"url":"https:\/\/dabrunoacasa.com\/wp-content\/uploads\/2023\/09\/alegre-mujer-sonriente.jpg"}],"twitter_card":"summary_large_image","twitter_misc":{"Est. reading time":"1 minute"},"schema":{"@context":"https:\/\/schema.org","@graph":[{"@type":"WebPage","@id":"https:\/\/dabrunoacasa.com\/empleo\/","url":"https:\/\/dabrunoacasa.com\/empleo\/","name":"Employment - Da Bruno A Casa","isPartOf":{"@id":"https:\/\/dabrunoacasa.com\/#website"},"primaryImageOfPage":{"@id":"https:\/\/dabrunoacasa.com\/empleo\/#primaryimage"},"image":{"@id":"https:\/\/dabrunoacasa.com\/empleo\/#primaryimage"},"thumbnailUrl":"https:\/\/dabrunoacasa.com\/wp-content\/uploads\/2023\/09\/alegre-mujer-sonriente.jpg","datePublished":"2023-09-19T11:42:25+00:00","dateModified":"2023-09-28T06:52:10+00:00","breadcrumb":{"@id":"https:\/\/dabrunoacasa.com\/empleo\/#breadcrumb"},"inLanguage":"en-US","potentialAction":[{"@type":"ReadAction","target":["https:\/\/dabrunoacasa.com\/empleo\/"]}]},{"@type":"ImageObject","inLanguage":"en-US","@id":"https:\/\/dabrunoacasa.com\/empleo\/#primaryimage","url":"https:\/\/dabrunoacasa.com\/wp-content\/uploads\/2023\/09\/alegre-mujer-sonriente.jpg","contentUrl":"https:\/\/dabrunoacasa.com\/wp-content\/uploads\/2023\/09\/alegre-mujer-sonriente.jpg","width":1200,"height":1200,"caption":"alegre-mujer-sonriente"},{"@type":"BreadcrumbList","@id":"https:\/\/dabrunoacasa.com\/empleo\/#breadcrumb","itemListElement":[{"@type":"ListItem","position":1,"name":"Portada","item":"https:\/\/dabrunoacasa.com\/"},{"@type":"ListItem","position":2,"name":"Employment"}]},{"@type":"WebSite","@id":"https:\/\/dabrunoacasa.com\/#website","url":"https:\/\/dabrunoacasa.com\/","name":"Da Bruno A Casa","description":"El amor por las cosas bien hechas, la pasi\u00f3n y dedicaci\u00f3n en la elaboraci\u00f3n de los platos en un entorno distinguido con \u00e9xito desde hace 50 a\u00f1os","publisher":{"@id":"https:\/\/dabrunoacasa.com\/#organization"},"alternateName":"Da Bruno A Casa","potentialAction":[{"@type":"SearchAction","target":{"@type":"EntryPoint","urlTemplate":"https:\/\/dabrunoacasa.com\/?s={search_term_string}"},"query-input":"required name=search_term_string"}],"inLanguage":"en-US"},{"@type":"Organization","@id":"https:\/\/dabrunoacasa.com\/#organization","name":"Da Bruno A Casa","url":"https:\/\/dabrunoacasa.com\/","logo":{"@type":"ImageObject","inLanguage":"en-US","@id":"https:\/\/dabrunoacasa.com\/#\/schema\/logo\/image\/","url":"https:\/\/dabrunoacasa.com\/wp-content\/uploads\/2023\/09\/LOGO-DA-BRUNO-A-CASA-LOGO-NEGATIVO-FONDO-TRANSPARENTE.png","contentUrl":"https:\/\/dabrunoacasa.com\/wp-content\/uploads\/2023\/09\/LOGO-DA-BRUNO-A-CASA-LOGO-NEGATIVO-FONDO-TRANSPARENTE.png","width":740,"height":203,"caption":"Da Bruno A Casa"},"image":{"@id":"https:\/\/dabrunoacasa.com\/#\/schema\/logo\/image\/"}}]}},"_links":{"self":[{"href":"https:\/\/dabrunoacasa.com\/en\/wp-json\/wp\/v2\/pages\/76453","targetHints":{"allow":["GET"]}}],"collection":[{"href":"https:\/\/dabrunoacasa.com\/en\/wp-json\/wp\/v2\/pages"}],"about":[{"href":"https:\/\/dabrunoacasa.com\/en\/wp-json\/wp\/v2\/types\/page"}],"author":[{"embeddable":true,"href":"https:\/\/dabrunoacasa.com\/en\/wp-json\/wp\/v2\/users\/1"}],"replies":[{"embeddable":true,"href":"https:\/\/dabrunoacasa.com\/en\/wp-json\/wp\/v2\/comments?post=76453"}],"version-history":[{"count":0,"href":"https:\/\/dabrunoacasa.com\/en\/wp-json\/wp\/v2\/pages\/76453\/revisions"}],"wp:attachment":[{"href":"https:\/\/dabrunoacasa.com\/en\/wp-json\/wp\/v2\/media?parent=76453"}],"curies":[{"name":"wp","href":"https:\/\/api.w.org\/{rel}","templated":true}]}}