{"id":76452,"date":"2023-09-19T13:08:06","date_gmt":"2023-09-19T11:08:06","guid":{"rendered":"https:\/\/meimpresiona.es\/acasa\/donde-estamos\/"},"modified":"2024-07-29T15:34:33","modified_gmt":"2024-07-29T13:34:33","slug":"where-we-are","status":"publish","type":"page","link":"https:\/\/dabrunoacasa.com\/en\/where-we-are\/","title":{"rendered":"Where we are"},"content":{"rendered":"\t\t<div data-elementor-type=\"wp-page\" data-elementor-id=\"76452\" class=\"elementor elementor-76452 elementor-75817\">\n\t\t\t\t<div class=\"elementor-element elementor-element-d84747b e-con-full e-flex e-con e-parent\" data-id=\"d84747b\" data-element_type=\"container\" data-settings=\"{&quot;background_background&quot;:&quot;classic&quot;}\">\n\t\t\t\t<div class=\"elementor-element elementor-element-d7f8d20 elementor-widget elementor-widget-heading\" data-id=\"d7f8d20\" data-element_type=\"widget\" data-widget_type=\"heading.default\">\n\t\t\t\t<div class=\"elementor-widget-container\">\n\t\t\t<h1 class=\"elementor-heading-title elementor-size-default\">WHERE WE ARE<\/h1>\t\t<\/div>\n\t\t\t\t<\/div>\n\t\t\t\t<\/div>\n\t\t\t\t<section class=\"elementor-section elementor-top-section elementor-element elementor-element-acccc80 elementor-section-boxed elementor-section-height-default elementor-section-height-default\" data-id=\"acccc80\" data-element_type=\"section\" data-settings=\"{&quot;background_background&quot;:&quot;classic&quot;}\">\n\t\t\t\t\t\t\t<div class=\"elementor-background-overlay\"><\/div>\n\t\t\t\t\t\t\t<div class=\"elementor-container elementor-column-gap-default\">\n\t\t\t\t\t<div class=\" elementor-column elementor-col-50 elementor-top-column elementor-element elementor-element-c9463de elementor-invisible\" data-fullscreen-column-settings=\"{&quot;fullscreen&quot;:&quot;&quot;}\" data-id=\"c9463de\" data-element_type=\"column\" data-settings=\"{&quot;animation&quot;:&quot;fadeIn&quot;,&quot;animation_delay&quot;:500}\">\n\t\t\t<div class=\"elementor-widget-wrap elementor-element-populated\">\n\t\t\t\t\t\t<div class=\"elementor-element elementor-element-8386834 elementor-widget-tablet__width-initial elementor-widget-mobile__width-inherit elementor-widget elementor-widget-litho-heading\" data-id=\"8386834\" data-element_type=\"widget\" data-widget_type=\"litho-heading.default\">\n\t\t\t\t<div class=\"elementor-widget-container\">\n\t\t\t<h5 class=\"litho-heading elementor-size-default\"><span class=\"litho-primary-title\">C\u00f3mo llegar a Da Bruno a Casa<\/span><\/h5>\t\t<\/div>\n\t\t\t\t<\/div>\n\t\t\t\t<div class=\"elementor-element elementor-element-d1c9333 elementor-widget__width-initial elementor-widget-tablet__width-initial elementor-widget-mobile__width-initial elementor-widget elementor-widget-text-editor\" data-id=\"d1c9333\" data-element_type=\"widget\" data-widget_type=\"text-editor.default\">\n\t\t\t\t<div class=\"elementor-widget-container\">\n\t\t\t\t\t\t\t<p style=\"text-align: center;\">If you feel like eating out today, you can come and visit our restaurant Da Bruno a Casa in Marbella \u2013 Golden Mile Area, close to Marbella Club Hotel<\/p>\t\t\t\t\t\t<\/div>\n\t\t\t\t<\/div>\n\t\t\t\t<div class=\"elementor-element elementor-element-6382a06 elementor-widget__width-initial elementor-widget-tablet__width-initial elementor-widget-mobile__width-initial elementor-widget elementor-widget-text-editor\" data-id=\"6382a06\" data-element_type=\"widget\" data-widget_type=\"text-editor.default\">\n\t\t\t\t<div class=\"elementor-widget-container\">\n\t\t\t\t\t\t\t<p style=\"text-align: center;\">WE ARE BETWEEN THE MARBELLA CLUB HOTEL &amp; GUADALPIN HOTEL<\/p><p style=\"text-align: center;\">COORDINATES: 36.5084, -4.9129<\/p><p style=\"text-align: center;\">Or find us in what3words.com <a href=\"https:\/\/what3words.com\/alerta.ordena.recoge\">\/\/\/alerta.ordena.recoge<\/a><\/p>\t\t\t\t\t\t<\/div>\n\t\t\t\t<\/div>\n\t\t\t\t\t<\/div>\n\t\t<\/div>\n\t\t\t\t<div class=\" elementor-column elementor-col-50 elementor-top-column elementor-element elementor-element-95f7ef1 elementor-invisible\" data-fullscreen-column-settings=\"{&quot;fullscreen&quot;:&quot;&quot;}\" data-id=\"95f7ef1\" data-element_type=\"column\" data-settings=\"{&quot;animation&quot;:&quot;fadeIn&quot;,&quot;animation_delay&quot;:100}\">\n\t\t\t<div class=\"elementor-widget-wrap elementor-element-populated\">\n\t\t\t\t\t\t<div class=\"elementor-element elementor-element-c7e773f elementor-widget__width-initial elementor-widget-tablet__width-initial elementor-position-top elementor-widget elementor-widget-image-box\" data-id=\"c7e773f\" data-element_type=\"widget\" data-widget_type=\"image-box.default\">\n\t\t\t\t<div class=\"elementor-widget-container\">\n\t\t\t<div class=\"elementor-image-box-wrapper\"><figure class=\"elementor-image-box-img\"><img fetchpriority=\"high\" decoding=\"async\" width=\"1024\" height=\"683\" src=\"https:\/\/dabrunoacasa.com\/wp-content\/uploads\/2023\/09\/IMG_2964.jpg\" class=\"attachment-full size-full wp-image-75544\" alt=\"\" srcset=\"https:\/\/dabrunoacasa.com\/wp-content\/uploads\/2023\/09\/IMG_2964.jpg 1024w, https:\/\/dabrunoacasa.com\/wp-content\/uploads\/2023\/09\/IMG_2964-300x200.jpg 300w, https:\/\/dabrunoacasa.com\/wp-content\/uploads\/2023\/09\/IMG_2964-768x512.jpg 768w, https:\/\/dabrunoacasa.com\/wp-content\/uploads\/2023\/09\/IMG_2964-200x133.jpg 200w\" sizes=\"(max-width: 1024px) 100vw, 1024px\" \/><\/figure><\/div>\t\t<\/div>\n\t\t\t\t<\/div>\n\t\t\t\t\t<\/div>\n\t\t<\/div>\n\t\t\t\t\t<\/div>\n\t\t<\/section>\n\t\t<div class=\"elementor-element elementor-element-1e2781a e-flex e-con-boxed e-con e-parent\" data-id=\"1e2781a\" data-element_type=\"container\" data-settings=\"{&quot;background_background&quot;:&quot;classic&quot;}\">\n\t\t\t\t\t<div class=\"e-con-inner\">\n\t\t<div class=\"elementor-element elementor-element-1be5603 e-con-full e-flex e-con e-child\" data-id=\"1be5603\" data-element_type=\"container\">\n\t\t\t\t<div class=\"elementor-element elementor-element-f5625e2 elementor-view-default elementor-widget elementor-widget-icon\" data-id=\"f5625e2\" data-element_type=\"widget\" data-widget_type=\"icon.default\">\n\t\t\t\t<div class=\"elementor-widget-container\">\n\t\t\t\t\t<div class=\"elementor-icon-wrapper\">\n\t\t\t<div class=\"elementor-icon\">\n\t\t\t<i aria-hidden=\"true\" class=\" line-icon-Location-2\"><\/i>\t\t\t<\/div>\n\t\t<\/div>\n\t\t\t\t<\/div>\n\t\t\t\t<\/div>\n\t\t\t\t<div class=\"elementor-element elementor-element-9bfd8a4 elementor-widget elementor-widget-text-editor\" data-id=\"9bfd8a4\" data-element_type=\"widget\" data-widget_type=\"text-editor.default\">\n\t\t\t\t<div class=\"elementor-widget-container\">\n\t\t\t\t\t\t\t<p>Marbella \u2013 Urb. Marbella Mar Local 1<\/p>\t\t\t\t\t\t<\/div>\n\t\t\t\t<\/div>\n\t\t\t\t<\/div>\n\t\t<div class=\"elementor-element elementor-element-c0d832a e-con-full e-flex e-con e-child\" data-id=\"c0d832a\" data-element_type=\"container\">\n\t\t\t\t<div class=\"elementor-element elementor-element-0c55a72 elementor-view-default elementor-widget elementor-widget-icon\" data-id=\"0c55a72\" data-element_type=\"widget\" data-widget_type=\"icon.default\">\n\t\t\t\t<div class=\"elementor-widget-container\">\n\t\t\t\t\t<div class=\"elementor-icon-wrapper\">\n\t\t\t<div class=\"elementor-icon\">\n\t\t\t<i aria-hidden=\"true\" class=\"fas fa-phone-alt\"><\/i>\t\t\t<\/div>\n\t\t<\/div>\n\t\t\t\t<\/div>\n\t\t\t\t<\/div>\n\t\t\t\t<div class=\"elementor-element elementor-element-2dd8664 elementor-widget elementor-widget-text-editor\" data-id=\"2dd8664\" data-element_type=\"widget\" data-widget_type=\"text-editor.default\">\n\t\t\t\t<div class=\"elementor-widget-container\">\n\t\t\t\t\t\t\t<p><span style=\"color: #ffffff;\"><a style=\"color: #ffffff;\" href=\"tel:609592913\">609 592 913<\/a><\/span><\/p>\n<p>952 857 521<\/p>\n<p>952 766 111<\/p>\t\t\t\t\t\t<\/div>\n\t\t\t\t<\/div>\n\t\t\t\t<\/div>\n\t\t<div class=\"elementor-element elementor-element-88bedb1 e-con-full e-flex e-con e-child\" data-id=\"88bedb1\" data-element_type=\"container\">\n\t\t\t\t<div class=\"elementor-element elementor-element-c3ceb52 elementor-view-default elementor-widget elementor-widget-icon\" data-id=\"c3ceb52\" data-element_type=\"widget\" data-widget_type=\"icon.default\">\n\t\t\t\t<div class=\"elementor-widget-container\">\n\t\t\t\t\t<div class=\"elementor-icon-wrapper\">\n\t\t\t<div class=\"elementor-icon\">\n\t\t\t<i aria-hidden=\"true\" class=\"far fa-clock\"><\/i>\t\t\t<\/div>\n\t\t<\/div>\n\t\t\t\t<\/div>\n\t\t\t\t<\/div>\n\t\t\t\t<div class=\"elementor-element elementor-element-73d4bca elementor-widget elementor-widget-text-editor\" data-id=\"73d4bca\" data-element_type=\"widget\" data-widget_type=\"text-editor.default\">\n\t\t\t\t<div class=\"elementor-widget-container\">\n\t\t\t\t\t\t\t<p>Open everyday from 13:00h to 00:00h<\/p><p>\u00a0<\/p>\t\t\t\t\t\t<\/div>\n\t\t\t\t<\/div>\n\t\t\t\t<\/div>\n\t\t\t\t\t<\/div>\n\t\t\t\t<\/div>\n\t\t\t\t<\/div>\n\t\t","protected":false},"excerpt":{"rendered":"<p>WHERE WE ARE C\u00f3mo llegar a Da Bruno a Casa If you feel like eating out today, you can come and visit our restaurant Da Bruno a Casa in Marbella \u2013 Golden Mile Area, close to Marbella Club Hotel WE ARE BETWEEN THE MARBELLA CLUB HOTEL &amp; GUADALPIN HOTEL COORDINATES: 36.5084, -4.9129 Or find us [&hellip;]<\/p>\n","protected":false},"author":1,"featured_media":0,"parent":0,"menu_order":0,"comment_status":"closed","ping_status":"closed","template":"elementor_header_footer","meta":{"footnotes":""},"class_list":["post-76452","page","type-page","status-publish","hentry"],"yoast_head":"<!-- This site is optimized with the Yoast SEO plugin v22.3 - https:\/\/yoast.com\/wordpress\/plugins\/seo\/ -->\n<title>Where we are - Da Bruno A Casa<\/title>\n<meta name=\"robots\" content=\"index, follow, max-snippet:-1, max-image-preview:large, max-video-preview:-1\" \/>\n<link rel=\"canonical\" href=\"https:\/\/dabrunoacasa.com\/en\/where-we-are\/\" \/>\n<meta property=\"og:locale\" content=\"en_US\" \/>\n<meta property=\"og:type\" content=\"article\" \/>\n<meta property=\"og:title\" content=\"Where we are - Da Bruno A Casa\" \/>\n<meta property=\"og:description\" content=\"WHERE WE ARE C\u00f3mo llegar a Da Bruno a Casa If you feel like eating out today, you can come and visit our restaurant Da Bruno a Casa in Marbella \u2013 Golden Mile Area, close to Marbella Club Hotel WE ARE BETWEEN THE MARBELLA CLUB HOTEL &amp; GUADALPIN HOTEL COORDINATES: 36.5084, -4.9129 Or find us [&hellip;]\" \/>\n<meta property=\"og:url\" content=\"https:\/\/dabrunoacasa.com\/en\/where-we-are\/\" \/>\n<meta property=\"og:site_name\" content=\"Da Bruno A Casa\" \/>\n<meta property=\"article:modified_time\" content=\"2024-07-29T13:34:33+00:00\" \/>\n<meta property=\"og:image\" content=\"https:\/\/dabrunoacasa.com\/wp-content\/uploads\/2023\/09\/IMG_2964.jpg\" \/>\n<meta name=\"twitter:card\" content=\"summary_large_image\" \/>\n<meta name=\"twitter:label1\" content=\"Est. reading time\" \/>\n\t<meta name=\"twitter:data1\" content=\"1 minute\" \/>\n<script type=\"application\/ld+json\" class=\"yoast-schema-graph\">{\"@context\":\"https:\/\/schema.org\",\"@graph\":[{\"@type\":\"WebPage\",\"@id\":\"https:\/\/dabrunoacasa.com\/en\/where-we-are\/\",\"url\":\"https:\/\/dabrunoacasa.com\/en\/where-we-are\/\",\"name\":\"Where we are - Da Bruno A Casa\",\"isPartOf\":{\"@id\":\"https:\/\/dabrunoacasa.com\/#website\"},\"primaryImageOfPage\":{\"@id\":\"https:\/\/dabrunoacasa.com\/en\/where-we-are\/#primaryimage\"},\"image\":{\"@id\":\"https:\/\/dabrunoacasa.com\/en\/where-we-are\/#primaryimage\"},\"thumbnailUrl\":\"https:\/\/dabrunoacasa.com\/wp-content\/uploads\/2023\/09\/IMG_2964.jpg\",\"datePublished\":\"2023-09-19T11:08:06+00:00\",\"dateModified\":\"2024-07-29T13:34:33+00:00\",\"breadcrumb\":{\"@id\":\"https:\/\/dabrunoacasa.com\/en\/where-we-are\/#breadcrumb\"},\"inLanguage\":\"en-US\",\"potentialAction\":[{\"@type\":\"ReadAction\",\"target\":[\"https:\/\/dabrunoacasa.com\/en\/where-we-are\/\"]}]},{\"@type\":\"ImageObject\",\"inLanguage\":\"en-US\",\"@id\":\"https:\/\/dabrunoacasa.com\/en\/where-we-are\/#primaryimage\",\"url\":\"https:\/\/dabrunoacasa.com\/wp-content\/uploads\/2023\/09\/IMG_2964.jpg\",\"contentUrl\":\"https:\/\/dabrunoacasa.com\/wp-content\/uploads\/2023\/09\/IMG_2964.jpg\",\"width\":1024,\"height\":683},{\"@type\":\"BreadcrumbList\",\"@id\":\"https:\/\/dabrunoacasa.com\/en\/where-we-are\/#breadcrumb\",\"itemListElement\":[{\"@type\":\"ListItem\",\"position\":1,\"name\":\"Portada\",\"item\":\"https:\/\/dabrunoacasa.com\/\"},{\"@type\":\"ListItem\",\"position\":2,\"name\":\"Where we are\"}]},{\"@type\":\"WebSite\",\"@id\":\"https:\/\/dabrunoacasa.com\/#website\",\"url\":\"https:\/\/dabrunoacasa.com\/\",\"name\":\"Da Bruno A Casa\",\"description\":\"El amor por las cosas bien hechas, la pasi\u00f3n y dedicaci\u00f3n en la elaboraci\u00f3n de los platos en un entorno distinguido con \u00e9xito desde hace 50 a\u00f1os\",\"publisher\":{\"@id\":\"https:\/\/dabrunoacasa.com\/#organization\"},\"alternateName\":\"Da Bruno A Casa\",\"potentialAction\":[{\"@type\":\"SearchAction\",\"target\":{\"@type\":\"EntryPoint\",\"urlTemplate\":\"https:\/\/dabrunoacasa.com\/?s={search_term_string}\"},\"query-input\":\"required name=search_term_string\"}],\"inLanguage\":\"en-US\"},{\"@type\":\"Organization\",\"@id\":\"https:\/\/dabrunoacasa.com\/#organization\",\"name\":\"Da Bruno A Casa\",\"url\":\"https:\/\/dabrunoacasa.com\/\",\"logo\":{\"@type\":\"ImageObject\",\"inLanguage\":\"en-US\",\"@id\":\"https:\/\/dabrunoacasa.com\/#\/schema\/logo\/image\/\",\"url\":\"https:\/\/dabrunoacasa.com\/wp-content\/uploads\/2023\/09\/LOGO-DA-BRUNO-A-CASA-LOGO-NEGATIVO-FONDO-TRANSPARENTE.png\",\"contentUrl\":\"https:\/\/dabrunoacasa.com\/wp-content\/uploads\/2023\/09\/LOGO-DA-BRUNO-A-CASA-LOGO-NEGATIVO-FONDO-TRANSPARENTE.png\",\"width\":740,\"height\":203,\"caption\":\"Da Bruno A Casa\"},\"image\":{\"@id\":\"https:\/\/dabrunoacasa.com\/#\/schema\/logo\/image\/\"}}]}<\/script>\n<!-- \/ Yoast SEO plugin. -->","yoast_head_json":{"title":"Where we are - Da Bruno A Casa","robots":{"index":"index","follow":"follow","max-snippet":"max-snippet:-1","max-image-preview":"max-image-preview:large","max-video-preview":"max-video-preview:-1"},"canonical":"https:\/\/dabrunoacasa.com\/en\/where-we-are\/","og_locale":"en_US","og_type":"article","og_title":"Where we are - Da Bruno A Casa","og_description":"WHERE WE ARE C\u00f3mo llegar a Da Bruno a Casa If you feel like eating out today, you can come and visit our restaurant Da Bruno a Casa in Marbella \u2013 Golden Mile Area, close to Marbella Club Hotel WE ARE BETWEEN THE MARBELLA CLUB HOTEL &amp; GUADALPIN HOTEL COORDINATES: 36.5084, -4.9129 Or find us [&hellip;]","og_url":"https:\/\/dabrunoacasa.com\/en\/where-we-are\/","og_site_name":"Da Bruno A Casa","article_modified_time":"2024-07-29T13:34:33+00:00","og_image":[{"url":"https:\/\/dabrunoacasa.com\/wp-content\/uploads\/2023\/09\/IMG_2964.jpg"}],"twitter_card":"summary_large_image","twitter_misc":{"Est. reading time":"1 minute"},"schema":{"@context":"https:\/\/schema.org","@graph":[{"@type":"WebPage","@id":"https:\/\/dabrunoacasa.com\/en\/where-we-are\/","url":"https:\/\/dabrunoacasa.com\/en\/where-we-are\/","name":"Where we are - Da Bruno A Casa","isPartOf":{"@id":"https:\/\/dabrunoacasa.com\/#website"},"primaryImageOfPage":{"@id":"https:\/\/dabrunoacasa.com\/en\/where-we-are\/#primaryimage"},"image":{"@id":"https:\/\/dabrunoacasa.com\/en\/where-we-are\/#primaryimage"},"thumbnailUrl":"https:\/\/dabrunoacasa.com\/wp-content\/uploads\/2023\/09\/IMG_2964.jpg","datePublished":"2023-09-19T11:08:06+00:00","dateModified":"2024-07-29T13:34:33+00:00","breadcrumb":{"@id":"https:\/\/dabrunoacasa.com\/en\/where-we-are\/#breadcrumb"},"inLanguage":"en-US","potentialAction":[{"@type":"ReadAction","target":["https:\/\/dabrunoacasa.com\/en\/where-we-are\/"]}]},{"@type":"ImageObject","inLanguage":"en-US","@id":"https:\/\/dabrunoacasa.com\/en\/where-we-are\/#primaryimage","url":"https:\/\/dabrunoacasa.com\/wp-content\/uploads\/2023\/09\/IMG_2964.jpg","contentUrl":"https:\/\/dabrunoacasa.com\/wp-content\/uploads\/2023\/09\/IMG_2964.jpg","width":1024,"height":683},{"@type":"BreadcrumbList","@id":"https:\/\/dabrunoacasa.com\/en\/where-we-are\/#breadcrumb","itemListElement":[{"@type":"ListItem","position":1,"name":"Portada","item":"https:\/\/dabrunoacasa.com\/"},{"@type":"ListItem","position":2,"name":"Where we are"}]},{"@type":"WebSite","@id":"https:\/\/dabrunoacasa.com\/#website","url":"https:\/\/dabrunoacasa.com\/","name":"Da Bruno A Casa","description":"El amor por las cosas bien hechas, la pasi\u00f3n y dedicaci\u00f3n en la elaboraci\u00f3n de los platos en un entorno distinguido con \u00e9xito desde hace 50 a\u00f1os","publisher":{"@id":"https:\/\/dabrunoacasa.com\/#organization"},"alternateName":"Da Bruno A Casa","potentialAction":[{"@type":"SearchAction","target":{"@type":"EntryPoint","urlTemplate":"https:\/\/dabrunoacasa.com\/?s={search_term_string}"},"query-input":"required name=search_term_string"}],"inLanguage":"en-US"},{"@type":"Organization","@id":"https:\/\/dabrunoacasa.com\/#organization","name":"Da Bruno A Casa","url":"https:\/\/dabrunoacasa.com\/","logo":{"@type":"ImageObject","inLanguage":"en-US","@id":"https:\/\/dabrunoacasa.com\/#\/schema\/logo\/image\/","url":"https:\/\/dabrunoacasa.com\/wp-content\/uploads\/2023\/09\/LOGO-DA-BRUNO-A-CASA-LOGO-NEGATIVO-FONDO-TRANSPARENTE.png","contentUrl":"https:\/\/dabrunoacasa.com\/wp-content\/uploads\/2023\/09\/LOGO-DA-BRUNO-A-CASA-LOGO-NEGATIVO-FONDO-TRANSPARENTE.png","width":740,"height":203,"caption":"Da Bruno A Casa"},"image":{"@id":"https:\/\/dabrunoacasa.com\/#\/schema\/logo\/image\/"}}]}},"_links":{"self":[{"href":"https:\/\/dabrunoacasa.com\/en\/wp-json\/wp\/v2\/pages\/76452","targetHints":{"allow":["GET"]}}],"collection":[{"href":"https:\/\/dabrunoacasa.com\/en\/wp-json\/wp\/v2\/pages"}],"about":[{"href":"https:\/\/dabrunoacasa.com\/en\/wp-json\/wp\/v2\/types\/page"}],"author":[{"embeddable":true,"href":"https:\/\/dabrunoacasa.com\/en\/wp-json\/wp\/v2\/users\/1"}],"replies":[{"embeddable":true,"href":"https:\/\/dabrunoacasa.com\/en\/wp-json\/wp\/v2\/comments?post=76452"}],"version-history":[{"count":6,"href":"https:\/\/dabrunoacasa.com\/en\/wp-json\/wp\/v2\/pages\/76452\/revisions"}],"predecessor-version":[{"id":76800,"href":"https:\/\/dabrunoacasa.com\/en\/wp-json\/wp\/v2\/pages\/76452\/revisions\/76800"}],"wp:attachment":[{"href":"https:\/\/dabrunoacasa.com\/en\/wp-json\/wp\/v2\/media?parent=76452"}],"curies":[{"name":"wp","href":"https:\/\/api.w.org\/{rel}","templated":true}]}}