{"id":76443,"date":"2023-09-22T09:51:12","date_gmt":"2023-09-22T07:51:12","guid":{"rendered":"https:\/\/meimpresiona.es\/acasa\/aviso-legal\/"},"modified":"2024-11-04T14:56:34","modified_gmt":"2024-11-04T13:56:34","slug":"aviso-legal","status":"publish","type":"page","link":"https:\/\/dabrunoacasa.com\/en\/aviso-legal\/","title":{"rendered":"Aviso legal"},"content":{"rendered":"<p style=\"margin-bottom: 0cm; text-align: justify; line-height: normal;\">El acceso y uso del sitio web est\u00e1 sujeto al presente aviso legal, para dar cumplimiento a las obligaciones dispuestas en la Ley 34\/2002, de Servicios de la Sociedad de la Informaci\u00f3n y del Comercio Electr\u00f3nico (LSSI-CE), por lo que recomendamos su lectura. Como usuario se compromete a utilizarlo de conformidad con lo aqu\u00ed establecido, as\u00ed como a la normativa legal vigente en el momento de su utilizaci\u00f3n. <\/p>\n<p style=\"text-align: justify; line-height: normal; border: none; mso-border-bottom-alt: solid #FECB00 1.5pt; padding: 0cm; mso-padding-alt: 0cm 0cm 4.0pt 0cm; margin: 12.0pt 0cm 6.0pt 0cm;\"><a><b>1. DATOS DE IDENTIFICACI\u00d3N<\/b><\/a><\/p>\n<ul type=\"disc\">\n<li style=\"mso-margin-top-alt: auto; mso-margin-bottom-alt: auto; line-height: normal; mso-list: l0 level1 lfo1; tab-stops: list 36.0pt;\"><strong>Denominaci\u00f3n social:<\/strong> DA BRUNO A CASA, S.L.<\/li>\n<li style=\"mso-margin-top-alt: auto; mso-margin-bottom-alt: auto; line-height: normal; mso-list: l0 level1 lfo1; tab-stops: list 36.0pt;\"><strong>CIF:<\/strong> B92962166<\/li>\n<li style=\"mso-margin-top-alt: auto; mso-margin-bottom-alt: auto; line-height: normal; mso-list: l0 level1 lfo1; tab-stops: list 36.0pt;\"><strong>Domicilio:<\/strong> Carretera CN340 Km. 175 Centro Negocios Puerta de Ban\u00fas, Bloque E puerta 43, 29660 Marbella<\/li>\n<li style=\"mso-margin-top-alt: auto; mso-margin-bottom-alt: auto; line-height: normal; mso-list: l0 level1 lfo1; tab-stops: list 36.0pt;\"><strong>Tel\u00e9fono:<\/strong> 637480294<\/li>\n<li style=\"mso-margin-top-alt: auto; mso-margin-bottom-alt: auto; line-height: normal; mso-list: l0 level1 lfo1; tab-stops: list 36.0pt;\"><strong>Email: compliance@dabrunoacasa.com<\/strong><\/li>\n<li style=\"mso-margin-top-alt: auto; mso-margin-bottom-alt: auto; line-height: normal; mso-list: l0 level1 lfo1; tab-stops: list 36.0pt;\"><strong>Datos de inscripci\u00f3n de la entidad:<\/strong>\n<ul type=\"circle\">\n<li style=\"mso-margin-top-alt: auto; mso-margin-bottom-alt: auto; line-height: normal; mso-list: l0 level2 lfo1; tab-stops: list 72.0pt;\">Inscrita en el Registro Mercantil de M\u00e1laga Tomo 6106. Libro: 5013. Folio: 73. Hoja: MA-164508<\/li>\n<\/ul>\n<\/li>\n<li style=\"mso-margin-top-alt: auto; mso-margin-bottom-alt: auto; line-height: normal; mso-list: l0 level1 lfo1; tab-stops: list 36.0pt;\"><strong>Dominio: \u00a0<\/strong><a href=\"http:\/\/www.dabrunoacasa.com\/\">www.dabrunoacasa.com<\/a><\/li>\n<\/ul>\n<p style=\"text-align: justify; line-height: normal; border: none; mso-border-bottom-alt: solid #FECB00 1.5pt; padding: 0cm; mso-padding-alt: 0cm 0cm 4.0pt 0cm; margin: 12.0pt 0cm 6.0pt 0cm;\"><b>2. OBJETO<\/b><\/p>\n<p style=\"text-align: justify;\">El Sitio Web es propiedad de DA BRUNO A CASA, S.L.. El presente aviso legal regula el acceso y la utilizaci\u00f3n del sitio web alojado bajo el nombre de dominio www.dabrunoacasa.com (en adelante el &#8220;Sitio Web&#8221;) as\u00ed como los contenidos, productos, y servicios puestos a disposici\u00f3n de sus usuarios, (en adelante los &#8220;Usuarios&#8221;).<\/p>\n<p style=\"text-align: justify; line-height: normal; border: none; mso-border-bottom-alt: solid #FECB00 1.5pt; padding: 0cm; mso-padding-alt: 0cm 0cm 4.0pt 0cm; margin: 12.0pt 0cm 6.0pt 0cm;\"><b>3. HIPERV\u00cdNCULOS<\/b><\/p>\n<p style=\"margin-bottom: 7.5pt; text-align: justify; line-height: normal;\">El Sitio Web puede incluir enlaces a otros sitios web gestionados por terceros de cuyos contenidos DA BRUNO A CASA, S.L. no tiene control, por lo que no asumir\u00e1 ning\u00fan tipo de responsabilidad frente a ellos. En todo caso, se proceder\u00e1 a la retirada inmediata de la redirecci\u00f3n a dicho sitio web y de cualquier contenido que pudiera contravenir la legislaci\u00f3n nacional o internacional, la moral o el orden p\u00fablico, poniendo en conocimiento de las autoridades competentes el contenido en cuesti\u00f3n.<\/p>\n<p style=\"text-align: justify; line-height: normal; border: none; mso-border-bottom-alt: solid #FECB00 1.5pt; padding: 0cm; mso-padding-alt: 0cm 0cm 4.0pt 0cm; margin: 12.0pt 0cm 6.0pt 0cm;\"><b>4. PROPIEDAD INTELECTUAL E INDUSTRIAL<\/b><\/p>\n<p style=\"text-align: justify;\">El Sitio Web, incluyendo a t\u00edtulo enunciativo, pero no limitativo su programaci\u00f3n, edici\u00f3n, compilaci\u00f3n y dem\u00e1s elementos necesarios para su funcionamiento, los dise\u00f1os, logotipos, texto y\/o gr\u00e1ficos es propiedad de DA BRUNO A CASA, S.L. o en su caso dispone de licencia o autorizaci\u00f3n por parte de los autores. Todos los contenidos del Sitio Web se encuentran debidamente protegidos por la normativa espa\u00f1ola e internacional en materia de propiedad intelectual e industrial, as\u00ed como inscritos en los registros p\u00fablicos correspondientes.<\/p>\n<p style=\"text-align: justify;\">Independientemente de la finalidad para la que fueran destinados, la reproducci\u00f3n total o parcial, uso, explotaci\u00f3n, distribuci\u00f3n y comercializaci\u00f3n, requiere en todo caso de previa autorizaci\u00f3n escrita. Cualquier uso no autorizado ser\u00e1 considerado un incumplimiento grave de los derechos de propiedad intelectual o industrial del autor. Los dise\u00f1os, logotipos, texto y\/o gr\u00e1ficos ajenos a DA BRUNO A CASA, S.L. y que pudieran aparecer en el Sitio Web, pertenecen a sus respectivos propietarios, siendo ellos mismos responsables de cualquier posible controversia que pudiera suscitarse respecto a los mismos. <\/p>\n<p style=\"text-align: justify;\">Para realizar cualquier tipo de observaci\u00f3n respecto a posibles incumplimientos de los derechos de propiedad intelectual o industrial, as\u00ed como sobre cualquiera de los contenidos del Sitio Web, puede dirigir un\u00a0 correo electr\u00f3nico a <b>compliance@dabrunoacasa.com<\/b><\/p>\n<p style=\"text-align: justify;\">DA BRUNO A CASA, S.L. se reserva expresamente cuantas acciones civiles y penales pudieran corresponderle como consecuencia de la vulneraci\u00f3n de la pac\u00edfica posesi\u00f3n y\/o titularidad no autorizada de los derechos de propiedad industrial e intelectual.<\/p>\n<p style=\"text-align: justify; line-height: normal; border: none; mso-border-bottom-alt: solid #FECB00 1.5pt; padding: 0cm; mso-padding-alt: 0cm 0cm 4.0pt 0cm; margin: 12.0pt 0cm 6.0pt 0cm;\"><b>5. POL\u00cdTICA DE PRIVACIDAD<\/b><\/p>\n<p>\u00a0<\/p>\n<p style=\"mso-margin-top-alt: auto; mso-margin-bottom-alt: auto; text-align: justify; line-height: normal;\">En virtud de lo establecido por la normativa aplicable en materia de protecci\u00f3n de datos, todos los datos de car\u00e1cter personal que facilite a trav\u00e9s de los correspondientes formularios durante la utilizaci\u00f3n del Sitio Web ser\u00e1n tratados por DA BRUNO A CASA, S.L. de forma confidencial y seg\u00fan la normativa de protecci\u00f3n de datos aplicable y no ser\u00e1n divulgados a terceros, a menos que sea necesario para el cumplimiento de las obligaciones contractuales y por obligaci\u00f3n legal. Podr\u00e1 encontrar m\u00e1s informaci\u00f3n en la Pol\u00edtica de Privacidad del Sitio Web.<\/p>\n","protected":false},"excerpt":{"rendered":"<p>El acceso y uso del sitio web est\u00e1 sujeto al presente aviso legal, para dar cumplimiento a las obligaciones dispuestas en la Ley 34\/2002, de Servicios de la Sociedad de la Informaci\u00f3n y del Comercio Electr\u00f3nico (LSSI-CE), por lo que recomendamos su lectura. Como usuario se compromete a utilizarlo de conformidad con lo aqu\u00ed establecido, [&hellip;]<\/p>\n","protected":false},"author":1,"featured_media":0,"parent":0,"menu_order":0,"comment_status":"closed","ping_status":"closed","template":"elementor_header_footer","meta":{"footnotes":""},"class_list":["post-76443","page","type-page","status-publish","hentry"],"yoast_head":"<!-- This site is optimized with the Yoast SEO plugin v22.3 - https:\/\/yoast.com\/wordpress\/plugins\/seo\/ -->\n<title>Aviso legal - Da Bruno A Casa<\/title>\n<meta name=\"robots\" content=\"index, follow, max-snippet:-1, max-image-preview:large, max-video-preview:-1\" \/>\n<link rel=\"canonical\" href=\"https:\/\/dabrunoacasa.com\/en\/aviso-legal\/\" \/>\n<meta property=\"og:locale\" content=\"en_US\" \/>\n<meta property=\"og:type\" content=\"article\" \/>\n<meta property=\"og:title\" content=\"Aviso legal - Da Bruno A Casa\" \/>\n<meta property=\"og:description\" content=\"El acceso y uso del sitio web est\u00e1 sujeto al presente aviso legal, para dar cumplimiento a las obligaciones dispuestas en la Ley 34\/2002, de Servicios de la Sociedad de la Informaci\u00f3n y del Comercio Electr\u00f3nico (LSSI-CE), por lo que recomendamos su lectura. Como usuario se compromete a utilizarlo de conformidad con lo aqu\u00ed establecido, [&hellip;]\" \/>\n<meta property=\"og:url\" content=\"https:\/\/dabrunoacasa.com\/en\/aviso-legal\/\" \/>\n<meta property=\"og:site_name\" content=\"Da Bruno A Casa\" \/>\n<meta property=\"article:modified_time\" content=\"2024-11-04T13:56:34+00:00\" \/>\n<meta name=\"twitter:card\" content=\"summary_large_image\" \/>\n<meta name=\"twitter:label1\" content=\"Est. reading time\" \/>\n\t<meta name=\"twitter:data1\" content=\"3 minutes\" \/>\n<script type=\"application\/ld+json\" class=\"yoast-schema-graph\">{\"@context\":\"https:\/\/schema.org\",\"@graph\":[{\"@type\":\"WebPage\",\"@id\":\"https:\/\/dabrunoacasa.com\/en\/aviso-legal\/\",\"url\":\"https:\/\/dabrunoacasa.com\/en\/aviso-legal\/\",\"name\":\"Aviso legal - Da Bruno A Casa\",\"isPartOf\":{\"@id\":\"https:\/\/dabrunoacasa.com\/#website\"},\"datePublished\":\"2023-09-22T07:51:12+00:00\",\"dateModified\":\"2024-11-04T13:56:34+00:00\",\"breadcrumb\":{\"@id\":\"https:\/\/dabrunoacasa.com\/en\/aviso-legal\/#breadcrumb\"},\"inLanguage\":\"en-US\",\"potentialAction\":[{\"@type\":\"ReadAction\",\"target\":[\"https:\/\/dabrunoacasa.com\/en\/aviso-legal\/\"]}]},{\"@type\":\"BreadcrumbList\",\"@id\":\"https:\/\/dabrunoacasa.com\/en\/aviso-legal\/#breadcrumb\",\"itemListElement\":[{\"@type\":\"ListItem\",\"position\":1,\"name\":\"Portada\",\"item\":\"https:\/\/dabrunoacasa.com\/\"},{\"@type\":\"ListItem\",\"position\":2,\"name\":\"Aviso legal\"}]},{\"@type\":\"WebSite\",\"@id\":\"https:\/\/dabrunoacasa.com\/#website\",\"url\":\"https:\/\/dabrunoacasa.com\/\",\"name\":\"Da Bruno A Casa\",\"description\":\"El amor por las cosas bien hechas, la pasi\u00f3n y dedicaci\u00f3n en la elaboraci\u00f3n de los platos en un entorno distinguido con \u00e9xito desde hace 50 a\u00f1os\",\"publisher\":{\"@id\":\"https:\/\/dabrunoacasa.com\/#organization\"},\"alternateName\":\"Da Bruno A Casa\",\"potentialAction\":[{\"@type\":\"SearchAction\",\"target\":{\"@type\":\"EntryPoint\",\"urlTemplate\":\"https:\/\/dabrunoacasa.com\/?s={search_term_string}\"},\"query-input\":\"required name=search_term_string\"}],\"inLanguage\":\"en-US\"},{\"@type\":\"Organization\",\"@id\":\"https:\/\/dabrunoacasa.com\/#organization\",\"name\":\"Da Bruno A Casa\",\"url\":\"https:\/\/dabrunoacasa.com\/\",\"logo\":{\"@type\":\"ImageObject\",\"inLanguage\":\"en-US\",\"@id\":\"https:\/\/dabrunoacasa.com\/#\/schema\/logo\/image\/\",\"url\":\"https:\/\/dabrunoacasa.com\/wp-content\/uploads\/2023\/09\/LOGO-DA-BRUNO-A-CASA-LOGO-NEGATIVO-FONDO-TRANSPARENTE.png\",\"contentUrl\":\"https:\/\/dabrunoacasa.com\/wp-content\/uploads\/2023\/09\/LOGO-DA-BRUNO-A-CASA-LOGO-NEGATIVO-FONDO-TRANSPARENTE.png\",\"width\":740,\"height\":203,\"caption\":\"Da Bruno A Casa\"},\"image\":{\"@id\":\"https:\/\/dabrunoacasa.com\/#\/schema\/logo\/image\/\"}}]}<\/script>\n<!-- \/ Yoast SEO plugin. -->","yoast_head_json":{"title":"Aviso legal - Da Bruno A Casa","robots":{"index":"index","follow":"follow","max-snippet":"max-snippet:-1","max-image-preview":"max-image-preview:large","max-video-preview":"max-video-preview:-1"},"canonical":"https:\/\/dabrunoacasa.com\/en\/aviso-legal\/","og_locale":"en_US","og_type":"article","og_title":"Aviso legal - Da Bruno A Casa","og_description":"El acceso y uso del sitio web est\u00e1 sujeto al presente aviso legal, para dar cumplimiento a las obligaciones dispuestas en la Ley 34\/2002, de Servicios de la Sociedad de la Informaci\u00f3n y del Comercio Electr\u00f3nico (LSSI-CE), por lo que recomendamos su lectura. Como usuario se compromete a utilizarlo de conformidad con lo aqu\u00ed establecido, [&hellip;]","og_url":"https:\/\/dabrunoacasa.com\/en\/aviso-legal\/","og_site_name":"Da Bruno A Casa","article_modified_time":"2024-11-04T13:56:34+00:00","twitter_card":"summary_large_image","twitter_misc":{"Est. reading time":"3 minutes"},"schema":{"@context":"https:\/\/schema.org","@graph":[{"@type":"WebPage","@id":"https:\/\/dabrunoacasa.com\/en\/aviso-legal\/","url":"https:\/\/dabrunoacasa.com\/en\/aviso-legal\/","name":"Aviso legal - Da Bruno A Casa","isPartOf":{"@id":"https:\/\/dabrunoacasa.com\/#website"},"datePublished":"2023-09-22T07:51:12+00:00","dateModified":"2024-11-04T13:56:34+00:00","breadcrumb":{"@id":"https:\/\/dabrunoacasa.com\/en\/aviso-legal\/#breadcrumb"},"inLanguage":"en-US","potentialAction":[{"@type":"ReadAction","target":["https:\/\/dabrunoacasa.com\/en\/aviso-legal\/"]}]},{"@type":"BreadcrumbList","@id":"https:\/\/dabrunoacasa.com\/en\/aviso-legal\/#breadcrumb","itemListElement":[{"@type":"ListItem","position":1,"name":"Portada","item":"https:\/\/dabrunoacasa.com\/"},{"@type":"ListItem","position":2,"name":"Aviso legal"}]},{"@type":"WebSite","@id":"https:\/\/dabrunoacasa.com\/#website","url":"https:\/\/dabrunoacasa.com\/","name":"Da Bruno A Casa","description":"El amor por las cosas bien hechas, la pasi\u00f3n y dedicaci\u00f3n en la elaboraci\u00f3n de los platos en un entorno distinguido con \u00e9xito desde hace 50 a\u00f1os","publisher":{"@id":"https:\/\/dabrunoacasa.com\/#organization"},"alternateName":"Da Bruno A Casa","potentialAction":[{"@type":"SearchAction","target":{"@type":"EntryPoint","urlTemplate":"https:\/\/dabrunoacasa.com\/?s={search_term_string}"},"query-input":"required name=search_term_string"}],"inLanguage":"en-US"},{"@type":"Organization","@id":"https:\/\/dabrunoacasa.com\/#organization","name":"Da Bruno A Casa","url":"https:\/\/dabrunoacasa.com\/","logo":{"@type":"ImageObject","inLanguage":"en-US","@id":"https:\/\/dabrunoacasa.com\/#\/schema\/logo\/image\/","url":"https:\/\/dabrunoacasa.com\/wp-content\/uploads\/2023\/09\/LOGO-DA-BRUNO-A-CASA-LOGO-NEGATIVO-FONDO-TRANSPARENTE.png","contentUrl":"https:\/\/dabrunoacasa.com\/wp-content\/uploads\/2023\/09\/LOGO-DA-BRUNO-A-CASA-LOGO-NEGATIVO-FONDO-TRANSPARENTE.png","width":740,"height":203,"caption":"Da Bruno A Casa"},"image":{"@id":"https:\/\/dabrunoacasa.com\/#\/schema\/logo\/image\/"}}]}},"_links":{"self":[{"href":"https:\/\/dabrunoacasa.com\/en\/wp-json\/wp\/v2\/pages\/76443","targetHints":{"allow":["GET"]}}],"collection":[{"href":"https:\/\/dabrunoacasa.com\/en\/wp-json\/wp\/v2\/pages"}],"about":[{"href":"https:\/\/dabrunoacasa.com\/en\/wp-json\/wp\/v2\/types\/page"}],"author":[{"embeddable":true,"href":"https:\/\/dabrunoacasa.com\/en\/wp-json\/wp\/v2\/users\/1"}],"replies":[{"embeddable":true,"href":"https:\/\/dabrunoacasa.com\/en\/wp-json\/wp\/v2\/comments?post=76443"}],"version-history":[{"count":6,"href":"https:\/\/dabrunoacasa.com\/en\/wp-json\/wp\/v2\/pages\/76443\/revisions"}],"predecessor-version":[{"id":76843,"href":"https:\/\/dabrunoacasa.com\/en\/wp-json\/wp\/v2\/pages\/76443\/revisions\/76843"}],"wp:attachment":[{"href":"https:\/\/dabrunoacasa.com\/en\/wp-json\/wp\/v2\/media?parent=76443"}],"curies":[{"name":"wp","href":"https:\/\/api.w.org\/{rel}","templated":true}]}}